{"id":203,"date":"2023-04-25T16:07:50","date_gmt":"2023-04-25T14:07:50","guid":{"rendered":"https:\/\/www.bbt-trust.com\/wp2023\/?page_id=203"},"modified":"2023-08-21T15:52:09","modified_gmt":"2023-08-21T13:52:09","slug":"data-policy","status":"publish","type":"page","link":"https:\/\/www.bbt-trust.com\/en\/data-policy\/","title":{"rendered":"Data Policy &#038; Legal Notice"},"content":{"rendered":"","protected":false},"excerpt":{"rendered":"","protected":false},"author":1,"featured_media":0,"parent":0,"menu_order":0,"comment_status":"closed","ping_status":"closed","template":"","meta":{"footnotes":""},"class_list":["post-203","page","type-page","status-publish","hentry"],"yoast_head":"<!-- This site is optimized with the Yoast SEO plugin v27.2 - https:\/\/yoast.com\/product\/yoast-seo-wordpress\/ -->\n<title>BBT Trust | BBT Treuhand AG |<\/title>\n<meta name=\"robots\" content=\"index, follow, max-snippet:-1, max-image-preview:large, max-video-preview:-1\" \/>\n<link rel=\"canonical\" href=\"https:\/\/www.bbt-trust.com\/en\/data-policy\/\" \/>\n<script type=\"application\/ld+json\" class=\"yoast-schema-graph\">{\"@context\":\"https:\/\/schema.org\",\"@graph\":[{\"@type\":\"WebPage\",\"@id\":\"https:\/\/www.bbt-trust.com\/en\/data-policy\/\",\"url\":\"https:\/\/www.bbt-trust.com\/en\/data-policy\/\",\"name\":\"BBT Trust | BBT Treuhand AG |\",\"isPartOf\":{\"@id\":\"https:\/\/www.bbt-trust.com\/en\/#website\"},\"datePublished\":\"2023-04-25T14:07:50+00:00\",\"dateModified\":\"2023-08-21T13:52:09+00:00\",\"breadcrumb\":{\"@id\":\"https:\/\/www.bbt-trust.com\/en\/data-policy\/#breadcrumb\"},\"inLanguage\":\"en-US\",\"potentialAction\":[{\"@type\":\"ReadAction\",\"target\":[\"https:\/\/www.bbt-trust.com\/en\/data-policy\/\"]}]},{\"@type\":\"BreadcrumbList\",\"@id\":\"https:\/\/www.bbt-trust.com\/en\/data-policy\/#breadcrumb\",\"itemListElement\":[{\"@type\":\"ListItem\",\"position\":1,\"name\":\"Startseite\",\"item\":\"https:\/\/www.bbt-trust.com\/en\/\"},{\"@type\":\"ListItem\",\"position\":2,\"name\":\"Data Policy &#038; Legal Notice\"}]},{\"@type\":\"WebSite\",\"@id\":\"https:\/\/www.bbt-trust.com\/en\/#website\",\"url\":\"https:\/\/www.bbt-trust.com\/en\/\",\"name\":\"BBT Trust | BBT Treuhand AG\",\"description\":\"Wir setzen auf Stabilit\u00e4t und Kontinuit\u00e4t und pflegen unsere Werte: Einsatzwille, Verantwortungsbewusstsein, Unabh\u00e4ngigkeit.\",\"publisher\":{\"@id\":\"https:\/\/www.bbt-trust.com\/en\/#organization\"},\"alternateName\":\"BBT Trust\",\"potentialAction\":[{\"@type\":\"SearchAction\",\"target\":{\"@type\":\"EntryPoint\",\"urlTemplate\":\"https:\/\/www.bbt-trust.com\/en\/?s={search_term_string}\"},\"query-input\":{\"@type\":\"PropertyValueSpecification\",\"valueRequired\":true,\"valueName\":\"search_term_string\"}}],\"inLanguage\":\"en-US\"},{\"@type\":\"Organization\",\"@id\":\"https:\/\/www.bbt-trust.com\/en\/#organization\",\"name\":\"BBT Trust I BBT Treuhand AG\",\"url\":\"https:\/\/www.bbt-trust.com\/en\/\",\"logo\":{\"@type\":\"ImageObject\",\"inLanguage\":\"en-US\",\"@id\":\"https:\/\/www.bbt-trust.com\/en\/#\/schema\/logo\/image\/\",\"url\":\"https:\/\/www.bbt-trust.com\/wp2023\/wp-content\/uploads\/2023\/03\/BBT-LOGO-1.png\",\"contentUrl\":\"https:\/\/www.bbt-trust.com\/wp2023\/wp-content\/uploads\/2023\/03\/BBT-LOGO-1.png\",\"width\":821,\"height\":118,\"caption\":\"BBT Trust I BBT Treuhand AG\"},\"image\":{\"@id\":\"https:\/\/www.bbt-trust.com\/en\/#\/schema\/logo\/image\/\"}}]}<\/script>\n<!-- \/ Yoast SEO plugin. -->","yoast_head_json":{"title":"BBT Trust | BBT Treuhand AG |","robots":{"index":"index","follow":"follow","max-snippet":"max-snippet:-1","max-image-preview":"max-image-preview:large","max-video-preview":"max-video-preview:-1"},"canonical":"https:\/\/www.bbt-trust.com\/en\/data-policy\/","schema":{"@context":"https:\/\/schema.org","@graph":[{"@type":"WebPage","@id":"https:\/\/www.bbt-trust.com\/en\/data-policy\/","url":"https:\/\/www.bbt-trust.com\/en\/data-policy\/","name":"BBT Trust | BBT Treuhand AG |","isPartOf":{"@id":"https:\/\/www.bbt-trust.com\/en\/#website"},"datePublished":"2023-04-25T14:07:50+00:00","dateModified":"2023-08-21T13:52:09+00:00","breadcrumb":{"@id":"https:\/\/www.bbt-trust.com\/en\/data-policy\/#breadcrumb"},"inLanguage":"en-US","potentialAction":[{"@type":"ReadAction","target":["https:\/\/www.bbt-trust.com\/en\/data-policy\/"]}]},{"@type":"BreadcrumbList","@id":"https:\/\/www.bbt-trust.com\/en\/data-policy\/#breadcrumb","itemListElement":[{"@type":"ListItem","position":1,"name":"Startseite","item":"https:\/\/www.bbt-trust.com\/en\/"},{"@type":"ListItem","position":2,"name":"Data Policy &#038; Legal Notice"}]},{"@type":"WebSite","@id":"https:\/\/www.bbt-trust.com\/en\/#website","url":"https:\/\/www.bbt-trust.com\/en\/","name":"BBT Trust | BBT Treuhand AG","description":"Wir setzen auf Stabilit\u00e4t und Kontinuit\u00e4t und pflegen unsere Werte: Einsatzwille, Verantwortungsbewusstsein, Unabh\u00e4ngigkeit.","publisher":{"@id":"https:\/\/www.bbt-trust.com\/en\/#organization"},"alternateName":"BBT Trust","potentialAction":[{"@type":"SearchAction","target":{"@type":"EntryPoint","urlTemplate":"https:\/\/www.bbt-trust.com\/en\/?s={search_term_string}"},"query-input":{"@type":"PropertyValueSpecification","valueRequired":true,"valueName":"search_term_string"}}],"inLanguage":"en-US"},{"@type":"Organization","@id":"https:\/\/www.bbt-trust.com\/en\/#organization","name":"BBT Trust I BBT Treuhand AG","url":"https:\/\/www.bbt-trust.com\/en\/","logo":{"@type":"ImageObject","inLanguage":"en-US","@id":"https:\/\/www.bbt-trust.com\/en\/#\/schema\/logo\/image\/","url":"https:\/\/www.bbt-trust.com\/wp2023\/wp-content\/uploads\/2023\/03\/BBT-LOGO-1.png","contentUrl":"https:\/\/www.bbt-trust.com\/wp2023\/wp-content\/uploads\/2023\/03\/BBT-LOGO-1.png","width":821,"height":118,"caption":"BBT Trust I BBT Treuhand AG"},"image":{"@id":"https:\/\/www.bbt-trust.com\/en\/#\/schema\/logo\/image\/"}}]}},"_links":{"self":[{"href":"https:\/\/www.bbt-trust.com\/en\/wp-json\/wp\/v2\/pages\/203","targetHints":{"allow":["GET"]}}],"collection":[{"href":"https:\/\/www.bbt-trust.com\/en\/wp-json\/wp\/v2\/pages"}],"about":[{"href":"https:\/\/www.bbt-trust.com\/en\/wp-json\/wp\/v2\/types\/page"}],"author":[{"embeddable":true,"href":"https:\/\/www.bbt-trust.com\/en\/wp-json\/wp\/v2\/users\/1"}],"replies":[{"embeddable":true,"href":"https:\/\/www.bbt-trust.com\/en\/wp-json\/wp\/v2\/comments?post=203"}],"version-history":[{"count":1,"href":"https:\/\/www.bbt-trust.com\/en\/wp-json\/wp\/v2\/pages\/203\/revisions"}],"predecessor-version":[{"id":204,"href":"https:\/\/www.bbt-trust.com\/en\/wp-json\/wp\/v2\/pages\/203\/revisions\/204"}],"wp:attachment":[{"href":"https:\/\/www.bbt-trust.com\/en\/wp-json\/wp\/v2\/media?parent=203"}],"curies":[{"name":"wp","href":"https:\/\/api.w.org\/{rel}","templated":true}]}}